{"id":51558,"date":"2025-01-31T17:38:13","date_gmt":"2025-01-31T15:38:13","guid":{"rendered":"https:\/\/astek-se.net\/kalpana-selvaraj\/"},"modified":"2025-02-17T12:41:16","modified_gmt":"2025-02-17T10:41:16","slug":"kalpana-selvaraj","status":"publish","type":"page","link":"https:\/\/astek-se.net\/en\/career\/conmorites-stories\/kalpana-selvaraj\/","title":{"rendered":"Kalpana Selvaraj"},"content":{"rendered":"<p>[et_pb_section fb_built=&#8221;1&#8243; next_background_color=&#8221;#ffffff&#8221; _builder_version=&#8221;4.27.4&#8243; _module_preset=&#8221;default&#8221; background_color=&#8221;#FFFFFF&#8221; background_enable_image=&#8221;off&#8221; custom_margin=&#8221;-90px||||false|false&#8221; custom_padding=&#8221;||100px|||&#8221; bottom_divider_style=&#8221;mountains&#8221; bottom_divider_height=&#8221;92px&#8221; global_colors_info=&#8221;{}&#8221;][et_pb_row column_structure=&#8221;3_5,2_5&#8243; _builder_version=&#8221;4.27.4&#8243; _module_preset=&#8221;default&#8221; width_tablet=&#8221;&#8221; width_phone=&#8221;95%&#8221; width_last_edited=&#8221;on|phone&#8221; custom_margin=&#8221;100px||||false|false&#8221; custom_padding=&#8221;||||false|false&#8221; global_colors_info=&#8221;{}&#8221;][et_pb_column type=&#8221;3_5&#8243; _builder_version=&#8221;4.27.4&#8243; _module_preset=&#8221;default&#8221; global_colors_info=&#8221;{}&#8221;][et_pb_text admin_label=&#8221;Boiler Plate FR&#8221; _builder_version=&#8221;4.27.4&#8243; link_font=&#8221;||||||||&#8221; ul_font=&#8221;||||||||&#8221; ol_font=&#8221;||||||||&#8221; quote_font=&#8221;||||||||&#8221; header_font=&#8221;|||on|||||&#8221; header_text_color=&#8221;#262c4c&#8221; header_font_size=&#8221;5rem&#8221; background_layout=&#8221;dark&#8221; custom_margin=&#8221;||23px|&#8221; custom_padding=&#8221;0px|||||&#8221; custom_padding_tablet=&#8221;|||&#8221; custom_padding_last_edited=&#8221;off|desktop&#8221; header_font_size_tablet=&#8221;100px&#8221; header_font_size_phone=&#8221;50px&#8221; header_font_size_last_edited=&#8221;on|phone&#8221; locked=&#8221;off&#8221; global_colors_info=&#8221;{}&#8221;]<\/p>\n<section class=\"cypress-hero hej\">\n<div class=\"grid-container\">\n<div class=\"grid-x\">\n<div class=\"cell small-12 large-12 xlarge-7\">\n<div class=\"text\">\n<div class=\"text-box\">\n<section class=\"cypress-hero hej\">\n<div class=\"grid-container\">\n<div class=\"grid-x\">\n<div class=\"cell small-12 large-12 xlarge-7\">\n<div class=\"text\">\n<div class=\"text-box\">\n<h1>&#8220;I am feeling motivated&#8221;<\/h1>\n<\/div>\n<\/div>\n<\/div>\n<\/div>\n<\/div>\n<\/section>\n<section class=\"cypress-textcolumns white two_spe mgb \">\n<div class=\"bg white\">\n<div class=\"grid-container\">\n<div class=\"grid-x\">\n<div class=\"cell small-12 large-8\">\u00a0<\/div>\n<\/div>\n<\/div>\n<\/div>\n<\/section>\n<\/div>\n<\/div>\n<\/div>\n<\/div>\n<\/div>\n<\/section>\n<section class=\"cypress-textcolumns white two_spe mgb \">\n<div class=\"bg white\">\n<div class=\"grid-container\">\n<div class=\"grid-x\">\n<div class=\"cell small-12 large-8\">\u00a0<\/div>\n<\/div>\n<\/div>\n<\/div>\n<\/section>\n<p>[\/et_pb_text][\/et_pb_column][et_pb_column type=&#8221;2_5&#8243; _builder_version=&#8221;4.27.4&#8243; _module_preset=&#8221;default&#8221; global_colors_info=&#8221;{}&#8221;][et_pb_image src=&#8221;https:\/\/astek-se.net\/wp-content\/uploads\/2025\/01\/kalpana.png&#8221; title_text=&#8221;kalpana&#8221; _builder_version=&#8221;4.27.4&#8243; _module_preset=&#8221;default&#8221; custom_css_main_element=&#8221;   clip-path: polygon(15% 0%, 85% 0%, 100% 15%, 100% 85%, 85% 100%, 15% 100%, 0% 85%, 0% 15%);&#8221; global_colors_info=&#8221;{}&#8221;][\/et_pb_image][\/et_pb_column][\/et_pb_row][et_pb_row column_structure=&#8221;1_2,1_2&#8243; _builder_version=&#8221;4.27.4&#8243; _module_preset=&#8221;default&#8221; global_colors_info=&#8221;{}&#8221;][et_pb_column type=&#8221;1_2&#8243; _builder_version=&#8221;4.27.4&#8243; _module_preset=&#8221;default&#8221; global_colors_info=&#8221;{}&#8221;][et_pb_text _builder_version=&#8221;4.27.4&#8243; _module_preset=&#8221;default&#8221; text_font=&#8221;|300|||||||&#8221; text_font_size=&#8221;16px&#8221; header_3_text_color=&#8221;#042326&#8243; header_3_font_size=&#8221;1.63rem&#8221; global_colors_info=&#8221;{}&#8221;]<\/p>\n<h3>How is it to work at Astek?<\/h3>\n<p>\u2013 I am not override by colleagues, manager or the management! Everyone here listen to you and understand your words, which makes smoother work style, and which leads you with perfect work life balance.<\/p>\n<p>\u2013 There are endless opportunities to explore and advance your career at Astek. Workplace diversity can lead to greater innovation, and increased employee engagement, productivity, and commitment.<\/p>\n<p>\u2013 They also give the employees extraordinary employee benefits like employee discounts, wellness benefits and education.<\/p>\n<p>\u2013 Astek ger ocks\u00e5 de anst\u00e4llda extraordin\u00e4ra personalf\u00f6rm\u00e5ner som personalrabatter, friskv\u00e5rdsbidrag och utbildning.<\/p>\n<p>[\/et_pb_text][\/et_pb_column][et_pb_column type=&#8221;1_2&#8243; _builder_version=&#8221;4.27.4&#8243; _module_preset=&#8221;default&#8221; global_colors_info=&#8221;{}&#8221;][et_pb_text _builder_version=&#8221;4.27.4&#8243; _module_preset=&#8221;default&#8221; text_font=&#8221;|300|||||||&#8221; text_font_size=&#8221;16px&#8221; header_3_text_color=&#8221;#042326&#8243; header_3_font_size=&#8221;1.63rem&#8221; global_colors_info=&#8221;{}&#8221;]<\/p>\n<h3>Astek has a clear plan!<\/h3>\n<p>\u2013 Astek will have a clear plan about development plan for individuals. Hence it gives us healthy work environment. Even though you are away from Astek due to your customer location they will ensure your growth and mental health with monitoring and make you feel comfortable with all our Astek employees by keeping monthly events. Those events are afterwork, breakfast, lunch, summer party, Christmas party, etc.. So Astek has the increased employee engagement.<\/p>\n<p>\u2013 The Conmorities are incredibly diverse and comes from all different types of backgrounds and country, which allows for even more learning to take place due to the variety of perspectives.<\/p>\n<p><em>Kalpana Selvaraj, Scrum Master<\/em><\/p>\n<p>[\/et_pb_text][\/et_pb_column][\/et_pb_row][\/et_pb_section]<\/p>\n","protected":false},"excerpt":{"rendered":"<p>Astek has a clear development plan for every individual. This provides us with a healthy work environment. Even if you are away from Astek due to where &#8230;<\/p>\n","protected":false},"author":27,"featured_media":0,"parent":51550,"menu_order":0,"comment_status":"closed","ping_status":"closed","template":"","meta":{"_et_pb_use_builder":"on","_et_pb_old_content":"","_et_gb_content_width":"","footnotes":""},"class_list":["post-51558","page","type-page","status-publish","hentry"],"yoast_head":"<!-- This site is optimized with the Yoast SEO plugin v27.5 - https:\/\/yoast.com\/product\/yoast-seo-wordpress\/ -->\n<title>Kalpana Selvaraj - Astek Sweden<\/title>\n<meta name=\"robots\" content=\"index, follow, max-snippet:-1, max-image-preview:large, max-video-preview:-1\" \/>\n<link rel=\"canonical\" href=\"https:\/\/astek-se.net\/en\/career\/conmorites-stories\/kalpana-selvaraj\/\" \/>\n<meta property=\"og:locale\" content=\"en_US\" \/>\n<meta property=\"og:type\" content=\"article\" \/>\n<meta property=\"og:title\" content=\"Kalpana Selvaraj - Astek Sweden\" \/>\n<meta property=\"og:description\" content=\"Astek has a clear development plan for every individual. This provides us with a healthy work environment. Even if you are away from Astek due to where ...\" \/>\n<meta property=\"og:url\" content=\"https:\/\/astek-se.net\/en\/career\/conmorites-stories\/kalpana-selvaraj\/\" \/>\n<meta property=\"og:site_name\" content=\"Astek Sweden\" \/>\n<meta property=\"article:modified_time\" content=\"2025-02-17T10:41:16+00:00\" \/>\n<meta property=\"og:image\" content=\"https:\/\/astek-se.net\/wp-content\/uploads\/2025\/01\/ASTEK_HOR_COULEUR-1-1.png\" \/>\n\t<meta property=\"og:image:width\" content=\"200\" \/>\n\t<meta property=\"og:image:height\" content=\"61\" \/>\n\t<meta property=\"og:image:type\" content=\"image\/png\" \/>\n<meta name=\"twitter:card\" content=\"summary_large_image\" \/>\n<meta name=\"twitter:label1\" content=\"Est. reading time\" \/>\n\t<meta name=\"twitter:data1\" content=\"3 minutes\" \/>\n<script type=\"application\/ld+json\" class=\"yoast-schema-graph\">{\"@context\":\"https:\\\/\\\/schema.org\",\"@graph\":[{\"@type\":\"WebPage\",\"@id\":\"https:\\\/\\\/astek-se.net\\\/en\\\/career\\\/conmorites-stories\\\/kalpana-selvaraj\\\/\",\"url\":\"https:\\\/\\\/astek-se.net\\\/en\\\/career\\\/conmorites-stories\\\/kalpana-selvaraj\\\/\",\"name\":\"Kalpana Selvaraj - Astek Sweden\",\"isPartOf\":{\"@id\":\"https:\\\/\\\/astek-se.net\\\/en\\\/#website\"},\"datePublished\":\"2025-01-31T15:38:13+00:00\",\"dateModified\":\"2025-02-17T10:41:16+00:00\",\"breadcrumb\":{\"@id\":\"https:\\\/\\\/astek-se.net\\\/en\\\/career\\\/conmorites-stories\\\/kalpana-selvaraj\\\/#breadcrumb\"},\"inLanguage\":\"en-US\",\"potentialAction\":[{\"@type\":\"ReadAction\",\"target\":[\"https:\\\/\\\/astek-se.net\\\/en\\\/career\\\/conmorites-stories\\\/kalpana-selvaraj\\\/\"]}]},{\"@type\":\"BreadcrumbList\",\"@id\":\"https:\\\/\\\/astek-se.net\\\/en\\\/career\\\/conmorites-stories\\\/kalpana-selvaraj\\\/#breadcrumb\",\"itemListElement\":[{\"@type\":\"ListItem\",\"position\":1,\"name\":\"Accueil\",\"item\":\"https:\\\/\\\/astek-se.net\\\/en\\\/\"},{\"@type\":\"ListItem\",\"position\":2,\"name\":\"Career\",\"item\":\"https:\\\/\\\/astek-se.net\\\/en\\\/karriar\\\/\"},{\"@type\":\"ListItem\",\"position\":3,\"name\":\"Team Stories\",\"item\":\"https:\\\/\\\/astek-se.net\\\/en\\\/karriar\\\/vi-berattar\\\/\"},{\"@type\":\"ListItem\",\"position\":4,\"name\":\"Kalpana Selvaraj\"}]},{\"@type\":\"WebSite\",\"@id\":\"https:\\\/\\\/astek-se.net\\\/en\\\/#website\",\"url\":\"https:\\\/\\\/astek-se.net\\\/en\\\/\",\"name\":\"Astek Sweden\",\"description\":\"Astek SE\",\"publisher\":{\"@id\":\"https:\\\/\\\/astek-se.net\\\/en\\\/#organization\"},\"potentialAction\":[{\"@type\":\"SearchAction\",\"target\":{\"@type\":\"EntryPoint\",\"urlTemplate\":\"https:\\\/\\\/astek-se.net\\\/en\\\/?s={search_term_string}\"},\"query-input\":{\"@type\":\"PropertyValueSpecification\",\"valueRequired\":true,\"valueName\":\"search_term_string\"}}],\"inLanguage\":\"en-US\"},{\"@type\":\"Organization\",\"@id\":\"https:\\\/\\\/astek-se.net\\\/en\\\/#organization\",\"name\":\"Astek Sweden\",\"url\":\"https:\\\/\\\/astek-se.net\\\/en\\\/\",\"logo\":{\"@type\":\"ImageObject\",\"inLanguage\":\"en-US\",\"@id\":\"https:\\\/\\\/astek-se.net\\\/en\\\/#\\\/schema\\\/logo\\\/image\\\/\",\"url\":\"https:\\\/\\\/astek-se.net\\\/wp-content\\\/uploads\\\/2025\\\/02\\\/faviconV2.png\",\"contentUrl\":\"https:\\\/\\\/astek-se.net\\\/wp-content\\\/uploads\\\/2025\\\/02\\\/faviconV2.png\",\"width\":192,\"height\":192,\"caption\":\"Astek Sweden\"},\"image\":{\"@id\":\"https:\\\/\\\/astek-se.net\\\/en\\\/#\\\/schema\\\/logo\\\/image\\\/\"}}]}<\/script>\n<!-- \/ Yoast SEO plugin. -->","yoast_head_json":{"title":"Kalpana Selvaraj - Astek Sweden","robots":{"index":"index","follow":"follow","max-snippet":"max-snippet:-1","max-image-preview":"max-image-preview:large","max-video-preview":"max-video-preview:-1"},"canonical":"https:\/\/astek-se.net\/en\/career\/conmorites-stories\/kalpana-selvaraj\/","og_locale":"en_US","og_type":"article","og_title":"Kalpana Selvaraj - Astek Sweden","og_description":"Astek has a clear development plan for every individual. This provides us with a healthy work environment. Even if you are away from Astek due to where ...","og_url":"https:\/\/astek-se.net\/en\/career\/conmorites-stories\/kalpana-selvaraj\/","og_site_name":"Astek Sweden","article_modified_time":"2025-02-17T10:41:16+00:00","og_image":[{"width":200,"height":61,"url":"https:\/\/astek-se.net\/wp-content\/uploads\/2025\/01\/ASTEK_HOR_COULEUR-1-1.png","type":"image\/png"}],"twitter_card":"summary_large_image","twitter_misc":{"Est. reading time":"3 minutes"},"schema":{"@context":"https:\/\/schema.org","@graph":[{"@type":"WebPage","@id":"https:\/\/astek-se.net\/en\/career\/conmorites-stories\/kalpana-selvaraj\/","url":"https:\/\/astek-se.net\/en\/career\/conmorites-stories\/kalpana-selvaraj\/","name":"Kalpana Selvaraj - Astek Sweden","isPartOf":{"@id":"https:\/\/astek-se.net\/en\/#website"},"datePublished":"2025-01-31T15:38:13+00:00","dateModified":"2025-02-17T10:41:16+00:00","breadcrumb":{"@id":"https:\/\/astek-se.net\/en\/career\/conmorites-stories\/kalpana-selvaraj\/#breadcrumb"},"inLanguage":"en-US","potentialAction":[{"@type":"ReadAction","target":["https:\/\/astek-se.net\/en\/career\/conmorites-stories\/kalpana-selvaraj\/"]}]},{"@type":"BreadcrumbList","@id":"https:\/\/astek-se.net\/en\/career\/conmorites-stories\/kalpana-selvaraj\/#breadcrumb","itemListElement":[{"@type":"ListItem","position":1,"name":"Accueil","item":"https:\/\/astek-se.net\/en\/"},{"@type":"ListItem","position":2,"name":"Career","item":"https:\/\/astek-se.net\/en\/karriar\/"},{"@type":"ListItem","position":3,"name":"Team Stories","item":"https:\/\/astek-se.net\/en\/karriar\/vi-berattar\/"},{"@type":"ListItem","position":4,"name":"Kalpana Selvaraj"}]},{"@type":"WebSite","@id":"https:\/\/astek-se.net\/en\/#website","url":"https:\/\/astek-se.net\/en\/","name":"Astek Sweden","description":"Astek SE","publisher":{"@id":"https:\/\/astek-se.net\/en\/#organization"},"potentialAction":[{"@type":"SearchAction","target":{"@type":"EntryPoint","urlTemplate":"https:\/\/astek-se.net\/en\/?s={search_term_string}"},"query-input":{"@type":"PropertyValueSpecification","valueRequired":true,"valueName":"search_term_string"}}],"inLanguage":"en-US"},{"@type":"Organization","@id":"https:\/\/astek-se.net\/en\/#organization","name":"Astek Sweden","url":"https:\/\/astek-se.net\/en\/","logo":{"@type":"ImageObject","inLanguage":"en-US","@id":"https:\/\/astek-se.net\/en\/#\/schema\/logo\/image\/","url":"https:\/\/astek-se.net\/wp-content\/uploads\/2025\/02\/faviconV2.png","contentUrl":"https:\/\/astek-se.net\/wp-content\/uploads\/2025\/02\/faviconV2.png","width":192,"height":192,"caption":"Astek Sweden"},"image":{"@id":"https:\/\/astek-se.net\/en\/#\/schema\/logo\/image\/"}}]}},"_links":{"self":[{"href":"https:\/\/astek-se.net\/en\/wp-json\/wp\/v2\/pages\/51558","targetHints":{"allow":["GET"]}}],"collection":[{"href":"https:\/\/astek-se.net\/en\/wp-json\/wp\/v2\/pages"}],"about":[{"href":"https:\/\/astek-se.net\/en\/wp-json\/wp\/v2\/types\/page"}],"author":[{"embeddable":true,"href":"https:\/\/astek-se.net\/en\/wp-json\/wp\/v2\/users\/27"}],"replies":[{"embeddable":true,"href":"https:\/\/astek-se.net\/en\/wp-json\/wp\/v2\/comments?post=51558"}],"version-history":[{"count":0,"href":"https:\/\/astek-se.net\/en\/wp-json\/wp\/v2\/pages\/51558\/revisions"}],"up":[{"embeddable":true,"href":"https:\/\/astek-se.net\/en\/wp-json\/wp\/v2\/pages\/51550"}],"wp:attachment":[{"href":"https:\/\/astek-se.net\/en\/wp-json\/wp\/v2\/media?parent=51558"}],"curies":[{"name":"wp","href":"https:\/\/api.w.org\/{rel}","templated":true}]}}